{"id":2,"date":"2025-06-13T22:26:06","date_gmt":"2025-06-13T22:26:06","guid":{"rendered":"https:\/\/estudionaveira.com\/?page_id=2"},"modified":"2025-07-18T19:56:15","modified_gmt":"2025-07-18T19:56:15","slug":"sobre-el-estudio","status":"publish","type":"page","link":"https:\/\/estudionaveira.com\/?page_id=2","title":{"rendered":"Sobre el Estudio"},"content":{"rendered":"\t\t<div data-elementor-type=\"wp-page\" data-elementor-id=\"2\" class=\"elementor elementor-2\" data-elementor-post-type=\"page\">\n\t\t\t\t<div class=\"elementor-element elementor-element-5e67561d e-flex e-con-boxed e-con e-parent\" data-id=\"5e67561d\" data-element_type=\"container\" data-e-type=\"container\" data-settings=\"{&quot;background_background&quot;:&quot;classic&quot;}\">\n\t\t\t\t\t<div class=\"e-con-inner\">\n\t\t\t\t<div class=\"elementor-element elementor-element-5e833ee elementor-widget elementor-widget-heading\" data-id=\"5e833ee\" data-element_type=\"widget\" data-e-type=\"widget\" data-widget_type=\"heading.default\">\n\t\t\t\t\t<h2 class=\"elementor-heading-title elementor-size-default\">Sobre el Estudio<\/h2>\t\t\t\t<\/div>\n\t\t\t\t\t<\/div>\n\t\t\t\t<\/div>\n\t\t<div class=\"elementor-element elementor-element-518ef3e e-flex e-con-boxed e-con e-parent\" data-id=\"518ef3e\" data-element_type=\"container\" data-e-type=\"container\">\n\t\t\t\t\t<div class=\"e-con-inner\">\n\t\t\t\t<div class=\"elementor-element elementor-element-f1e5f0a elementor-widget elementor-widget-spacer\" data-id=\"f1e5f0a\" data-element_type=\"widget\" data-e-type=\"widget\" data-widget_type=\"spacer.default\">\n\t\t\t\t\t\t\t<div class=\"elementor-spacer\">\n\t\t\t<div class=\"elementor-spacer-inner\"><\/div>\n\t\t<\/div>\n\t\t\t\t\t\t<\/div>\n\t\t\t\t\t<\/div>\n\t\t\t\t<\/div>\n\t\t<div class=\"elementor-element elementor-element-936399f e-flex e-con-boxed e-con e-parent\" data-id=\"936399f\" data-element_type=\"container\" data-e-type=\"container\">\n\t\t\t\t\t<div class=\"e-con-inner\">\n\t\t<div class=\"elementor-element elementor-element-d5984a0 e-con-full e-flex e-con e-child\" data-id=\"d5984a0\" data-element_type=\"container\" data-e-type=\"container\">\n\t\t\t\t<div class=\"elementor-element elementor-element-a5c91e5 elementor-widget elementor-widget-heading\" data-id=\"a5c91e5\" data-element_type=\"widget\" data-e-type=\"widget\" data-widget_type=\"heading.default\">\n\t\t\t\t\t<h2 class=\"elementor-heading-title elementor-size-default\">M\u00e1s de 30 a\u00f1os protegiendo lo que te representa<\/h2>\t\t\t\t<\/div>\n\t\t\t\t<div class=\"elementor-element elementor-element-cb22e0e elementor-widget-divider--view-line_icon elementor-view-default elementor-widget-divider--element-align-center elementor-widget elementor-widget-divider\" data-id=\"cb22e0e\" data-element_type=\"widget\" data-e-type=\"widget\" data-widget_type=\"divider.default\">\n\t\t\t\t\t\t\t<div class=\"elementor-divider\">\n\t\t\t<span class=\"elementor-divider-separator\">\n\t\t\t\t\t\t\t<div class=\"elementor-icon elementor-divider__element\">\n\t\t\t\t\t<svg aria-hidden=\"true\" class=\"e-font-icon-svg e-fas-gem\" viewBox=\"0 0 576 512\" xmlns=\"http:\/\/www.w3.org\/2000\/svg\"><path d=\"M485.5 0L576 160H474.9L405.7 0h79.8zm-128 0l69.2 160H149.3L218.5 0h139zm-267 0h79.8l-69.2 160H0L90.5 0zM0 192h100.7l123 251.7c1.5 3.1-2.7 5.9-5 3.3L0 192zm148.2 0h279.6l-137 318.2c-1 2.4-4.5 2.4-5.5 0L148.2 192zm204.1 251.7l123-251.7H576L357.3 446.9c-2.3 2.7-6.5-.1-5-3.2z\"><\/path><\/svg><\/div>\n\t\t\t\t\t\t<\/span>\n\t\t<\/div>\n\t\t\t\t\t\t<\/div>\n\t\t\t\t<div class=\"elementor-element elementor-element-a07306e elementor-widget elementor-widget-heading\" data-id=\"a07306e\" data-element_type=\"widget\" data-e-type=\"widget\" data-widget_type=\"heading.default\">\n\t\t\t\t\t<h5 class=\"elementor-heading-title elementor-size-default\">En Naveira y Asociados somos un estudio jur\u00eddico con una s\u00f3lida trayectoria y profundo compromiso en el \u00e1mbito de la propiedad industrial e intelectual. Nos especializamos en el registro, protecci\u00f3n y defensa de marcas, patentes y dise\u00f1os, tanto en Argentina como en el extranjero.<\/h5>\t\t\t\t<\/div>\n\t\t\t\t<\/div>\n\t\t\t\t\t<\/div>\n\t\t\t\t<\/div>\n\t\t<div class=\"elementor-element elementor-element-c9af1a6 e-flex e-con-boxed e-con e-parent\" data-id=\"c9af1a6\" data-element_type=\"container\" data-e-type=\"container\">\n\t\t\t\t\t<div class=\"e-con-inner\">\n\t\t\t\t<div class=\"elementor-element elementor-element-488f4c7 elementor-widget elementor-widget-text-editor\" data-id=\"488f4c7\" data-element_type=\"widget\" data-e-type=\"widget\" data-widget_type=\"text-editor.default\">\n\t\t\t\t\t\t\t\t\t<p data-start=\"501\" data-end=\"815\">Sabemos que una marca no es solo un nombre: es el activo m\u00e1s valioso de tu negocio. Es tu identidad, tu reputaci\u00f3n, la forma en que tus clientes te reconocen y conf\u00edan en vos. Por eso, creemos que registrar tu marca desde el primer d\u00eda es una decisi\u00f3n estrat\u00e9gica para cuidar tu trabajo y potenciar tu crecimiento.<\/p>\n<p data-start=\"817\" data-end=\"1118\"><strong>A lo largo de m\u00e1s de tres d\u00e9cadas, acompa\u00f1amos a empresas, emprendedores y profesionales<\/strong> en todo el proceso de protecci\u00f3n de sus activos intangibles. No solo te ayudamos a registrar tu marca, tambi\u00e9n te guiamos para que sepas c\u00f3mo defenderla frente a posibles conflictos, oposiciones o usos indebidos.<\/p>\n<p data-start=\"1120\" data-end=\"1415\"><strong>Trabajar con Naveira y Asociados es contar con un equipo de especialistas que te asesora de forma clara, cercana y personalizada.<\/strong> Nuestra experiencia nos permite anticipar riesgos, evitar errores comunes y garantizar que tu marca est\u00e9 realmente segura, desde la presentaci\u00f3n hasta su renovaci\u00f3n.<\/p>\t\t\t\t\t\t\t\t<\/div>\n\t\t\t\t<div class=\"elementor-element elementor-element-4f473e0 elementor-widget elementor-widget-heading\" data-id=\"4f473e0\" data-element_type=\"widget\" data-e-type=\"widget\" data-widget_type=\"heading.default\">\n\t\t\t\t\t<h2 class=\"elementor-heading-title elementor-size-default\">Porque no alcanza con registrar. <br \/>Hay que saber proteger. <br \/>Y eso es lo que mejor sabemos hacer.<\/h2>\t\t\t\t<\/div>\n\t\t\t\t<div class=\"elementor-element elementor-element-11d7ed3 elementor-widget elementor-widget-spacer\" data-id=\"11d7ed3\" data-element_type=\"widget\" data-e-type=\"widget\" data-widget_type=\"spacer.default\">\n\t\t\t\t\t\t\t<div class=\"elementor-spacer\">\n\t\t\t<div class=\"elementor-spacer-inner\"><\/div>\n\t\t<\/div>\n\t\t\t\t\t\t<\/div>\n\t\t\t\t\t<\/div>\n\t\t\t\t<\/div>\n\t\t\t\t<\/div>\n\t\t","protected":false},"excerpt":{"rendered":"<p>Sobre el Estudio M\u00e1s de 30 a\u00f1os protegiendo lo que te representa En Naveira y Asociados somos un estudio jur\u00eddico con una s\u00f3lida trayectoria y profundo compromiso en el \u00e1mbito de la propiedad industrial e intelectual. Nos especializamos en el registro, protecci\u00f3n y defensa de marcas, patentes y dise\u00f1os, tanto en Argentina como en el [&hellip;]<\/p>\n","protected":false},"author":1,"featured_media":0,"parent":0,"menu_order":0,"comment_status":"closed","ping_status":"closed","template":"","meta":{"footnotes":""},"class_list":["post-2","page","type-page","status-publish","hentry"],"_links":{"self":[{"href":"https:\/\/estudionaveira.com\/index.php?rest_route=\/wp\/v2\/pages\/2","targetHints":{"allow":["GET"]}}],"collection":[{"href":"https:\/\/estudionaveira.com\/index.php?rest_route=\/wp\/v2\/pages"}],"about":[{"href":"https:\/\/estudionaveira.com\/index.php?rest_route=\/wp\/v2\/types\/page"}],"author":[{"embeddable":true,"href":"https:\/\/estudionaveira.com\/index.php?rest_route=\/wp\/v2\/users\/1"}],"replies":[{"embeddable":true,"href":"https:\/\/estudionaveira.com\/index.php?rest_route=%2Fwp%2Fv2%2Fcomments&post=2"}],"version-history":[{"count":19,"href":"https:\/\/estudionaveira.com\/index.php?rest_route=\/wp\/v2\/pages\/2\/revisions"}],"predecessor-version":[{"id":321,"href":"https:\/\/estudionaveira.com\/index.php?rest_route=\/wp\/v2\/pages\/2\/revisions\/321"}],"wp:attachment":[{"href":"https:\/\/estudionaveira.com\/index.php?rest_route=%2Fwp%2Fv2%2Fmedia&parent=2"}],"curies":[{"name":"wp","href":"https:\/\/api.w.org\/{rel}","templated":true}]}}