{"id":194,"date":"2025-07-06T17:39:20","date_gmt":"2025-07-06T17:39:20","guid":{"rendered":"https:\/\/estudionaveira.com\/?page_id=194"},"modified":"2025-07-17T00:47:12","modified_gmt":"2025-07-17T00:47:12","slug":"nuestros-servicios","status":"publish","type":"page","link":"https:\/\/estudionaveira.com\/?page_id=194","title":{"rendered":"Nuestros Servicios"},"content":{"rendered":"\t\t<div data-elementor-type=\"wp-page\" data-elementor-id=\"194\" class=\"elementor elementor-194\" data-elementor-post-type=\"page\">\n\t\t\t\t<div class=\"elementor-element elementor-element-5e67561d e-flex e-con-boxed e-con e-parent\" data-id=\"5e67561d\" data-element_type=\"container\" data-e-type=\"container\" data-settings=\"{&quot;background_background&quot;:&quot;classic&quot;}\">\n\t\t\t\t\t<div class=\"e-con-inner\">\n\t\t\t\t<div class=\"elementor-element elementor-element-5e833ee elementor-widget elementor-widget-heading\" data-id=\"5e833ee\" data-element_type=\"widget\" data-e-type=\"widget\" data-widget_type=\"heading.default\">\n\t\t\t\t\t<h2 class=\"elementor-heading-title elementor-size-default\">Nuestros Servicios<\/h2>\t\t\t\t<\/div>\n\t\t\t\t\t<\/div>\n\t\t\t\t<\/div>\n\t\t<div class=\"elementor-element elementor-element-0c017ea e-flex e-con-boxed e-con e-parent\" data-id=\"0c017ea\" data-element_type=\"container\" data-e-type=\"container\">\n\t\t\t\t\t<div class=\"e-con-inner\">\n\t\t\t\t<div class=\"elementor-element elementor-element-08e41e6 elementor-widget-divider--view-line_icon elementor-view-default elementor-widget-divider--element-align-center elementor-widget elementor-widget-divider\" data-id=\"08e41e6\" data-element_type=\"widget\" data-e-type=\"widget\" data-widget_type=\"divider.default\">\n\t\t\t\t\t\t\t<div class=\"elementor-divider\">\n\t\t\t<span class=\"elementor-divider-separator\">\n\t\t\t\t\t\t\t<div class=\"elementor-icon elementor-divider__element\">\n\t\t\t\t\t<svg aria-hidden=\"true\" class=\"e-font-icon-svg e-fas-gem\" viewBox=\"0 0 576 512\" xmlns=\"http:\/\/www.w3.org\/2000\/svg\"><path d=\"M485.5 0L576 160H474.9L405.7 0h79.8zm-128 0l69.2 160H149.3L218.5 0h139zm-267 0h79.8l-69.2 160H0L90.5 0zM0 192h100.7l123 251.7c1.5 3.1-2.7 5.9-5 3.3L0 192zm148.2 0h279.6l-137 318.2c-1 2.4-4.5 2.4-5.5 0L148.2 192zm204.1 251.7l123-251.7H576L357.3 446.9c-2.3 2.7-6.5-.1-5-3.2z\"><\/path><\/svg><\/div>\n\t\t\t\t\t\t<\/span>\n\t\t<\/div>\n\t\t\t\t\t\t<\/div>\n\t\t\t\t<div class=\"elementor-element elementor-element-f01f6af elementor-widget elementor-widget-heading\" data-id=\"f01f6af\" data-element_type=\"widget\" data-e-type=\"widget\" data-widget_type=\"heading.default\">\n\t\t\t\t\t<h5 class=\"elementor-heading-title elementor-size-default\">En Estudio Naveira creemos que tu marca no es solo un nombre: es identidad, reputaci\u00f3n y valor. Por eso ofrecemos un servicio integral y especializado para protegerla desde todos los frentes legales, administrativos y estrat\u00e9gicos. Con d\u00e9cadas de experiencia y un equipo altamente capacitado, acompa\u00f1amos a empresas, pymes y emprendedores en todo el proceso de defensa de sus activos intangibles, tanto en Argentina como en el exterior.<\/h5>\t\t\t\t<\/div>\n\t\t\t\t\t<\/div>\n\t\t\t\t<\/div>\n\t\t<div class=\"elementor-element elementor-element-efa1153 e-flex e-con-boxed e-con e-parent\" data-id=\"efa1153\" data-element_type=\"container\" data-e-type=\"container\">\n\t\t\t\t\t<div class=\"e-con-inner\">\n\t\t\t\t<div class=\"elementor-element elementor-element-27a1f16 elementor-widget elementor-widget-ucaddon_uc_material_bullets\" data-id=\"27a1f16\" data-element_type=\"widget\" data-e-type=\"widget\" data-widget_type=\"ucaddon_uc_material_bullets.default\">\n\t\t\t\t<div class=\"elementor-widget-container\">\n\t\t\t\t\t\n<!-- start Icon Bullets -->\n\t\t<link id='font-awesome-css' href='https:\/\/estudionaveira.com\/wp-content\/plugins\/unlimited-elements-for-elementor\/assets_libraries\/font-awesome6\/fontawesome-all.min.css' type='text\/css' rel='stylesheet' >\n\t\t<link id='font-awesome-4-shim-css' href='https:\/\/estudionaveira.com\/wp-content\/plugins\/unlimited-elements-for-elementor\/assets_libraries\/font-awesome6\/fontawesome-v4-shims.min.css' type='text\/css' rel='stylesheet' >\n\n<style>\/* widget: Icon Bullets *\/\n\n\r\n@keyframes uc_uc_material_bullets_elementor_27a1f16__item-animation {\r\n  0% {\r\n            \r\n        \t        \tfilter: blur(10px);\r\n\t\t\t\r\n    \t    opacity: 0;\r\n  }\r\n  100% {\r\n            \r\n        \t            filter: blur(0px);\r\n            \r\n    \t\topacity: 1;\r\n  }\r\n}\r\n\r\n\r\n#uc_uc_material_bullets_elementor_27a1f16 .uc_material_bullets_row{\r\n\topacity:0;\r\n}\r\n\r\n\r\n#uc_uc_material_bullets_elementor_27a1f16 .uc-entrance-animate {\r\n  opacity:1;\r\n}\r\n\r\n#uc_uc_material_bullets_elementor_27a1f16 .uc-entrance-animate {\r\n\tanimation: uc_uc_material_bullets_elementor_27a1f16__item-animation 0.6s cubic-bezier(0.470, 0.000, 0.745, 0.715) both;\r\n}\r\n\r\n\t\t\t\n\n#uc_uc_material_bullets_elementor_27a1f16 *{\n\t-webkit-box-sizing: border-box;\n\t-moz-box-sizing: border-box;\n\tbox-sizing: border-box;\n}\n\n#uc_uc_material_bullets_elementor_27a1f16 .ue-icon-wrapper{\n\tdisplay: flex;\n}\n\n#uc_uc_material_bullets_elementor_27a1f16 .ue-icon{\n  display:flex;\n  align-items:center;\n  justify-content:center;\n  flex-grow:0;\n  flex-shrink:0;\n  line-height:1em;\n  transition:0.3s;\n}\n\n#uc_uc_material_bullets_elementor_27a1f16 .ue-icon svg{\n  height:1em;\n  width:1em;\n}\n\n#uc_uc_material_bullets_elementor_27a1f16 .uc_material_bullets_row{\n\tfont-weight:400;\n\toverflow:hidden;\n\tdisplay:flex;\n\tposition:relative;\n\ttext-align:left;\n\twidth:100%;   \n    transition:0.3s;\n}\n\n#uc_uc_material_bullets_elementor_27a1f16 .uc_material_bullets_row a.ue-item-link{\n  position:absolute;\n  display:block;\n  top:0;\n  right:0;\n  left:0;\n  bottom:0;\n}\n\n#uc_uc_material_bullets_elementor_27a1f16 .uc_material_bullets_row:last-child{\n\tmargin-bottom:0px !important;\n}\n\n\n#uc_uc_material_bullets_elementor_27a1f16 .uc_material_bullets_row {\n\tposition:relative;\n\tvertical-align:middle;\n}\n\n#uc_uc_material_bullets_elementor_27a1f16 .uc_material_bullets_row .uc_content_box{\n\tdisplay:flex;\n    flex-direction:column;\n    justify-content:center;\n    align-items: flex-start;\n    flex-grow:1;\n}\n\n#uc_uc_material_bullets_elementor_27a1f16 .ue-bullets{\n  display:grid;\n}\n\n#uc_uc_material_bullets_elementor_27a1f16 .ue-text, \n#uc_uc_material_bullets_elementor_27a1f16 .ue-title, \n#uc_uc_material_bullets_elementor_27a1f16 .ue-seperator{\n  width:100%;\n}\n\n#uc_uc_material_bullets_elementor_27a1f16 .ue-seperator-line{\n  display:inline-block;\n  font-size:0px;\n}\n\n#uc_uc_material_bullets_elementor_27a1f16 .ue-seperator{\n  font-size:0px;\n}\n\n#uc_uc_material_bullets_elementor_27a1f16.uc-remote-parent .uc_material_bullets_row{\n  cursor:pointer;\n}\n\n.ue-title{\n  font-size:21px;\n  margin:0;\n}\n\n#uc_uc_material_bullets_elementor_27a1f16 .uc_content_box > *{\n  transition: all .3s;\n}\n\n<\/style>\n\n<div class=\"uc_material_bullets  \"  id=\"uc_uc_material_bullets_elementor_27a1f16\"  >   \t\n    \t<div class=\"ue-bullets uc-items-wrapper\">\n          \t<div class=\"uc_material_bullets_row elementor-repeater-item-6652624\">\n  <div class=\"ue-icon-wrapper\">\n              <div class=\"ue-icon\">\n                    <i class='far fa-hand-point-right'><\/i>                    \t\n\n                \n              <\/div>\n  <\/div>\n  <div class=\"uc_content_box uc_ceal\">\n    <div class=\"ue-title\">Propiedad industrial e intelectual<\/div>\n    \n    \t\n    \n    <div class=\"ue-text\">Registramos, custodiamos y gestionamos todos los derechos que hacen \u00fanica a tu empresa: marcas, patentes, modelos y dise\u00f1os industriales, modelos de utilidad y derechos de autor. Nos ocupamos de cada detalle t\u00e9cnico y legal para que tengas la tranquilidad de estar protegido.<\/div>\t\n  <\/div>\n    \t\n<\/div>\n<div class=\"uc_material_bullets_row elementor-repeater-item-5e788d0\">\n  <div class=\"ue-icon-wrapper\">\n              <div class=\"ue-icon\">\n                    <i class='far fa-hand-point-right'><\/i>                    \t\n\n                \n              <\/div>\n  <\/div>\n  <div class=\"uc_content_box uc_ceal\">\n    <div class=\"ue-title\">Apoyatura jur\u00eddica especializada<\/div>\n    \n    \t\n    \n    <div class=\"ue-text\">Contamos con un departamento legal s\u00f3lido y proactivo que respalda cada registro con acciones concretas. Nos ocupamos de litigios complejos como oposiciones indebidas, nulidades, infracciones, falsificaciones, ceses de uso y medidas precautorias. Defendemos tus derechos con estrategia y rigor jur\u00eddico.<\/div>\t\n  <\/div>\n    \t\n<\/div>\n<div class=\"uc_material_bullets_row elementor-repeater-item-4130762\">\n  <div class=\"ue-icon-wrapper\">\n              <div class=\"ue-icon\">\n                    <i class='far fa-hand-point-right'><\/i>                    \t\n\n                \n              <\/div>\n  <\/div>\n  <div class=\"uc_content_box uc_ceal\">\n    <div class=\"ue-title\">Asesoramiento y consultor\u00eda integral<\/div>\n    \n    \t\n    \n    <div class=\"ue-text\">Te acompa\u00f1amos en la toma de decisiones clave para tu negocio. Desde la preparaci\u00f3n y registro de contratos de licencia, transferencia o asistencia t\u00e9cnica, hasta franquicias, representaci\u00f3n comercial o constituci\u00f3n de sociedades. Pensamos la protecci\u00f3n legal desde una mirada estrat\u00e9gica que impulsa tu crecimiento.<\/div>\t\n  <\/div>\n    \t\n<\/div>\n<div class=\"uc_material_bullets_row elementor-repeater-item-59c6a08\">\n  <div class=\"ue-icon-wrapper\">\n              <div class=\"ue-icon\">\n                    <i class='far fa-hand-point-right'><\/i>                    \t\n\n                \n              <\/div>\n  <\/div>\n  <div class=\"uc_content_box uc_ceal\">\n    <div class=\"ue-title\">Atenci\u00f3n personalizada y din\u00e1mica<\/div>\n    \n    \t\n    \n    <div class=\"ue-text\">No sos un n\u00famero. En nuestro estudio cada cliente cuenta con un equipo espec\u00edfico que lo acompa\u00f1a durante todo el proceso. Trabajamos de forma cercana, eficiente y con foco en soluciones reales. Nuestro compromiso es total desde el primer contacto hasta la resoluci\u00f3n final.<\/div>\t\n  <\/div>\n    \t\n<\/div>\n<div class=\"uc_material_bullets_row elementor-repeater-item-ed406be\">\n  <div class=\"ue-icon-wrapper\">\n              <div class=\"ue-icon\">\n                    <i class='far fa-hand-point-right'><\/i>                    \t\n\n                \n              <\/div>\n  <\/div>\n  <div class=\"uc_content_box uc_ceal\">\n    <div class=\"ue-title\">Representaci\u00f3n internacional<\/div>\n    \n    \t\n    \n    <div class=\"ue-text\">Tu marca puede ir tan lejos como tu visi\u00f3n lo permita. Gracias a nuestra red de corresponsales, brindamos cobertura legal y operativa en todo el mundo. Ya sea para registrar, defender o expandir tu marca a otros pa\u00edses, estamos preparados para asesorarte globalmente.<\/div>\t\n  <\/div>\n    \t\n<\/div>\n\n      <\/div>\n<\/div>\n<!-- end Icon Bullets -->\t\t\t\t<\/div>\n\t\t\t\t<\/div>\n\t\t\t\t<div class=\"elementor-element elementor-element-0a19b8e elementor-widget elementor-widget-spacer\" data-id=\"0a19b8e\" data-element_type=\"widget\" data-e-type=\"widget\" data-widget_type=\"spacer.default\">\n\t\t\t\t\t\t\t<div class=\"elementor-spacer\">\n\t\t\t<div class=\"elementor-spacer-inner\"><\/div>\n\t\t<\/div>\n\t\t\t\t\t\t<\/div>\n\t\t\t\t\t<\/div>\n\t\t\t\t<\/div>\n\t\t\t\t<\/div>\n\t\t","protected":false},"excerpt":{"rendered":"<p>Nuestros Servicios En Estudio Naveira creemos que tu marca no es solo un nombre: es identidad, reputaci\u00f3n y valor. Por eso ofrecemos un servicio integral y especializado para protegerla desde todos los frentes legales, administrativos y estrat\u00e9gicos. Con d\u00e9cadas de experiencia y un equipo altamente capacitado, acompa\u00f1amos a empresas, pymes y emprendedores en todo el [&hellip;]<\/p>\n","protected":false},"author":1,"featured_media":0,"parent":0,"menu_order":0,"comment_status":"closed","ping_status":"closed","template":"","meta":{"footnotes":""},"class_list":["post-194","page","type-page","status-publish","hentry"],"_links":{"self":[{"href":"https:\/\/estudionaveira.com\/index.php?rest_route=\/wp\/v2\/pages\/194","targetHints":{"allow":["GET"]}}],"collection":[{"href":"https:\/\/estudionaveira.com\/index.php?rest_route=\/wp\/v2\/pages"}],"about":[{"href":"https:\/\/estudionaveira.com\/index.php?rest_route=\/wp\/v2\/types\/page"}],"author":[{"embeddable":true,"href":"https:\/\/estudionaveira.com\/index.php?rest_route=\/wp\/v2\/users\/1"}],"replies":[{"embeddable":true,"href":"https:\/\/estudionaveira.com\/index.php?rest_route=%2Fwp%2Fv2%2Fcomments&post=194"}],"version-history":[{"count":10,"href":"https:\/\/estudionaveira.com\/index.php?rest_route=\/wp\/v2\/pages\/194\/revisions"}],"predecessor-version":[{"id":301,"href":"https:\/\/estudionaveira.com\/index.php?rest_route=\/wp\/v2\/pages\/194\/revisions\/301"}],"wp:attachment":[{"href":"https:\/\/estudionaveira.com\/index.php?rest_route=%2Fwp%2Fv2%2Fmedia&parent=194"}],"curies":[{"name":"wp","href":"https:\/\/api.w.org\/{rel}","templated":true}]}}